{"id":13,"date":"2024-07-24T00:40:57","date_gmt":"2024-07-24T00:40:57","guid":{"rendered":"https:\/\/amivtacpuebla.com\/contact\/"},"modified":"2026-01-06T19:05:27","modified_gmt":"2026-01-06T19:05:27","slug":"eventos","status":"publish","type":"page","link":"https:\/\/amivtacpuebla.com\/home\/eventos\/","title":{"rendered":"EVENTOS Y CONVOCATORIAS"},"content":{"rendered":"\t\t<div data-elementor-type=\"wp-page\" data-elementor-id=\"13\" class=\"elementor elementor-13\">\n\t\t\t\t<div class=\"elementor-element elementor-element-bb1ecfb elementor-hidden-mobile e-flex e-con-boxed e-con e-parent\" data-id=\"bb1ecfb\" data-element_type=\"container\" data-e-type=\"container\" data-settings=\"{&quot;background_background&quot;:&quot;classic&quot;}\">\n\t\t\t\t\t<div class=\"e-con-inner\">\n\t\t<div class=\"elementor-element elementor-element-5576527 e-con-full e-flex e-con e-child\" data-id=\"5576527\" data-element_type=\"container\" data-e-type=\"container\">\n\t\t\t\t<div class=\"elementor-element elementor-element-4da1d14 elementor-widget elementor-widget-heading\" data-id=\"4da1d14\" data-element_type=\"widget\" data-e-type=\"widget\" data-widget_type=\"heading.default\">\n\t\t\t\t<div class=\"elementor-widget-container\">\n\t\t\t\t\t<h1 class=\"elementor-heading-title elementor-size-default\">EVENTOS Y CONVOCATORIAS<\/h1>\t\t\t\t<\/div>\n\t\t\t\t<\/div>\n\t\t\t\t<\/div>\n\t\t\t\t\t<\/div>\n\t\t\t\t<\/div>\n\t\t<div class=\"elementor-element elementor-element-bf05eb8 elementor-hidden-mobile e-flex e-con-boxed e-con e-parent\" data-id=\"bf05eb8\" data-element_type=\"container\" data-e-type=\"container\" data-settings=\"{&quot;background_background&quot;:&quot;classic&quot;}\">\n\t\t\t\t\t<div class=\"e-con-inner\">\n\t\t\t\t<div class=\"elementor-element elementor-element-0ca412b elementor-widget elementor-widget-heading\" data-id=\"0ca412b\" data-element_type=\"widget\" data-e-type=\"widget\" data-widget_type=\"heading.default\">\n\t\t\t\t<div class=\"elementor-widget-container\">\n\t\t\t\t\t<h2 class=\"elementor-heading-title elementor-size-default\">CONVOCATORIAS ABIERTAS<\/h2>\t\t\t\t<\/div>\n\t\t\t\t<\/div>\n\t\t\t\t\t<\/div>\n\t\t\t\t<\/div>\n\t\t<div class=\"elementor-element elementor-element-be0c047 e-grid elementor-hidden-mobile e-con-boxed e-con e-parent\" data-id=\"be0c047\" data-element_type=\"container\" data-e-type=\"container\" data-settings=\"{&quot;background_background&quot;:&quot;classic&quot;}\">\n\t\t\t\t\t<div class=\"e-con-inner\">\n\t\t\t\t<div class=\"elementor-element elementor-element-6f16eea elementor-widget elementor-widget-image\" data-id=\"6f16eea\" data-element_type=\"widget\" data-e-type=\"widget\" data-widget_type=\"image.default\">\n\t\t\t\t<div class=\"elementor-widget-container\">\n\t\t\t\t\t\t\t\t\t\t\t\t\t\t\t<img fetchpriority=\"high\" decoding=\"async\" width=\"1024\" height=\"1024\" src=\"https:\/\/amivtacpuebla.com\/wp-content\/uploads\/2025\/04\/membresia-1-1024x1024.png\" class=\"attachment-large size-large wp-image-2321\" alt=\"\" srcset=\"https:\/\/amivtacpuebla.com\/wp-content\/uploads\/2025\/04\/membresia-1-1024x1024.png 1024w, https:\/\/amivtacpuebla.com\/wp-content\/uploads\/2025\/04\/membresia-1-300x300.png 300w, https:\/\/amivtacpuebla.com\/wp-content\/uploads\/2025\/04\/membresia-1-150x150.png 150w, https:\/\/amivtacpuebla.com\/wp-content\/uploads\/2025\/04\/membresia-1-768x768.png 768w, https:\/\/amivtacpuebla.com\/wp-content\/uploads\/2025\/04\/membresia-1.png 1080w\" sizes=\"(max-width: 1024px) 100vw, 1024px\" \/>\t\t\t\t\t\t\t\t\t\t\t\t\t\t\t<\/div>\n\t\t\t\t<\/div>\n\t\t\t\t<div class=\"elementor-element elementor-element-7a8eea4 elementor-widget elementor-widget-image\" data-id=\"7a8eea4\" data-element_type=\"widget\" data-e-type=\"widget\" data-widget_type=\"image.default\">\n\t\t\t\t<div class=\"elementor-widget-container\">\n\t\t\t\t\t\t\t\t\t\t\t\t\t\t\t<img decoding=\"async\" width=\"1024\" height=\"1024\" src=\"https:\/\/amivtacpuebla.com\/wp-content\/uploads\/2025\/04\/483900515_676910961357748_6711396169983766256_n-1024x1024.jpg\" class=\"attachment-large size-large wp-image-2307\" alt=\"\" srcset=\"https:\/\/amivtacpuebla.com\/wp-content\/uploads\/2025\/04\/483900515_676910961357748_6711396169983766256_n-1024x1024.jpg 1024w, https:\/\/amivtacpuebla.com\/wp-content\/uploads\/2025\/04\/483900515_676910961357748_6711396169983766256_n-300x300.jpg 300w, https:\/\/amivtacpuebla.com\/wp-content\/uploads\/2025\/04\/483900515_676910961357748_6711396169983766256_n-150x150.jpg 150w, https:\/\/amivtacpuebla.com\/wp-content\/uploads\/2025\/04\/483900515_676910961357748_6711396169983766256_n-768x768.jpg 768w, https:\/\/amivtacpuebla.com\/wp-content\/uploads\/2025\/04\/483900515_676910961357748_6711396169983766256_n.jpg 1080w\" sizes=\"(max-width: 1024px) 100vw, 1024px\" \/>\t\t\t\t\t\t\t\t\t\t\t\t\t\t\t<\/div>\n\t\t\t\t<\/div>\n\t\t\t\t<div class=\"elementor-element elementor-element-796eaca elementor-align-center elementor-widget elementor-widget-button\" data-id=\"796eaca\" data-element_type=\"widget\" data-e-type=\"widget\" data-widget_type=\"button.default\">\n\t\t\t\t<div class=\"elementor-widget-container\">\n\t\t\t\t\t\t\t\t\t<div class=\"elementor-button-wrapper\">\n\t\t\t\t\t<a class=\"elementor-button elementor-button-link elementor-size-sm\" href=\"https:\/\/wechamber.mx\/micrositio-membership\/63c9cba488501861c79ed242?fbclid=IwY2xjawEqBKpleHRuA2FlbQIxMAABHXhML-qzuJMhBP3i2AMsGGvGdhDHjY9LsKyL_Jq7E2zo4_tpyYCBhXpEKg_aem_5BY6iaRxvvSCqOyIsXVAqw\">\n\t\t\t\t\t\t<span class=\"elementor-button-content-wrapper\">\n\t\t\t\t\t\t\t\t\t<span class=\"elementor-button-text\">SABER M\u00c1S<\/span>\n\t\t\t\t\t<\/span>\n\t\t\t\t\t<\/a>\n\t\t\t\t<\/div>\n\t\t\t\t\t\t\t\t<\/div>\n\t\t\t\t<\/div>\n\t\t\t\t<div class=\"elementor-element elementor-element-86532c8 elementor-align-center elementor-widget elementor-widget-button\" data-id=\"86532c8\" data-element_type=\"widget\" data-e-type=\"widget\" data-widget_type=\"button.default\">\n\t\t\t\t<div class=\"elementor-widget-container\">\n\t\t\t\t\t\t\t\t\t<div class=\"elementor-button-wrapper\">\n\t\t\t\t\t<a class=\"elementor-button elementor-button-link elementor-size-sm\" href=\"https:\/\/www.facebook.com\/share\/p\/1Aafx77xSK\/\">\n\t\t\t\t\t\t<span class=\"elementor-button-content-wrapper\">\n\t\t\t\t\t\t\t\t\t<span class=\"elementor-button-text\">SABER M\u00c1S<\/span>\n\t\t\t\t\t<\/span>\n\t\t\t\t\t<\/a>\n\t\t\t\t<\/div>\n\t\t\t\t\t\t\t\t<\/div>\n\t\t\t\t<\/div>\n\t\t\t\t\t<\/div>\n\t\t\t\t<\/div>\n\t\t<div class=\"elementor-element elementor-element-462e155 e-flex e-con-boxed e-con e-parent\" data-id=\"462e155\" data-element_type=\"container\" data-e-type=\"container\" data-settings=\"{&quot;background_background&quot;:&quot;classic&quot;}\">\n\t\t\t\t\t<div class=\"e-con-inner\">\n\t\t\t\t<div class=\"elementor-element elementor-element-9313073 elementor-widget elementor-widget-heading\" data-id=\"9313073\" data-element_type=\"widget\" data-e-type=\"widget\" data-widget_type=\"heading.default\">\n\t\t\t\t<div class=\"elementor-widget-container\">\n\t\t\t\t\t<h2 class=\"elementor-heading-title elementor-size-default\">Pr\u00f3ximos eventos <\/h2>\t\t\t\t<\/div>\n\t\t\t\t<\/div>\n\t\t\t\t\t<\/div>\n\t\t\t\t<\/div>\n\t\t<div class=\"elementor-element elementor-element-fbfc078 elementor-hidden-mobile e-flex e-con-boxed e-con e-parent\" data-id=\"fbfc078\" data-element_type=\"container\" data-e-type=\"container\" data-settings=\"{&quot;background_background&quot;:&quot;classic&quot;}\">\n\t\t\t\t\t<div class=\"e-con-inner\">\n\t\t\t\t<div class=\"elementor-element elementor-element-00e31a8 elementor-align-left elementor-widget__width-auto elementor-absolute elementor-widget elementor-widget-button\" data-id=\"00e31a8\" data-element_type=\"widget\" data-e-type=\"widget\" data-settings=\"{&quot;_position&quot;:&quot;absolute&quot;}\" data-widget_type=\"button.default\">\n\t\t\t\t<div class=\"elementor-widget-container\">\n\t\t\t\t\t\t\t\t\t<div class=\"elementor-button-wrapper\">\n\t\t\t\t\t<a class=\"elementor-button elementor-button-link elementor-size-sm\" href=\"https:\/\/www.youtube.com\/watch?v=E90MNr_aGCc\">\n\t\t\t\t\t\t<span class=\"elementor-button-content-wrapper\">\n\t\t\t\t\t\t\t\t\t<span class=\"elementor-button-text\">VER DESAYUNO <\/span>\n\t\t\t\t\t<\/span>\n\t\t\t\t\t<\/a>\n\t\t\t\t<\/div>\n\t\t\t\t\t\t\t\t<\/div>\n\t\t\t\t<\/div>\n\t\t\t\t<div class=\"elementor-element elementor-element-6169d2a elementor-align-center elementor-widget__width-auto elementor-absolute elementor-widget elementor-widget-button\" data-id=\"6169d2a\" data-element_type=\"widget\" data-e-type=\"widget\" data-settings=\"{&quot;_position&quot;:&quot;absolute&quot;}\" data-widget_type=\"button.default\">\n\t\t\t\t<div class=\"elementor-widget-container\">\n\t\t\t\t\t\t\t\t\t<div class=\"elementor-button-wrapper\">\n\t\t\t\t\t<a class=\"elementor-button elementor-button-link elementor-size-sm\" href=\"https:\/\/drive.google.com\/drive\/folders\/1o4TBFdY3LgORELZFnsrfYdflI1ormpvA?usp=sharing\">\n\t\t\t\t\t\t<span class=\"elementor-button-content-wrapper\">\n\t\t\t\t\t\t\t\t\t<span class=\"elementor-button-text\">Descargar <\/span>\n\t\t\t\t\t<\/span>\n\t\t\t\t\t<\/a>\n\t\t\t\t<\/div>\n\t\t\t\t\t\t\t\t<\/div>\n\t\t\t\t<\/div>\n\t\t\t\t<div class=\"elementor-element elementor-element-775fca8 elementor-align-left elementor-widget__width-auto elementor-absolute elementor-widget elementor-widget-button\" data-id=\"775fca8\" data-element_type=\"widget\" data-e-type=\"widget\" data-settings=\"{&quot;_position&quot;:&quot;absolute&quot;}\" data-widget_type=\"button.default\">\n\t\t\t\t<div class=\"elementor-widget-container\">\n\t\t\t\t\t\t\t\t\t<div class=\"elementor-button-wrapper\">\n\t\t\t\t\t<a class=\"elementor-button elementor-button-link elementor-size-sm\" href=\"https:\/\/www.youtube.com\/watch?v=gOvzeHDQvSA\">\n\t\t\t\t\t\t<span class=\"elementor-button-content-wrapper\">\n\t\t\t\t\t\t\t\t\t<span class=\"elementor-button-text\">VER DESAYUNO <\/span>\n\t\t\t\t\t<\/span>\n\t\t\t\t\t<\/a>\n\t\t\t\t<\/div>\n\t\t\t\t\t\t\t\t<\/div>\n\t\t\t\t<\/div>\n\t\t\t\t<div class=\"elementor-element elementor-element-1b9d8bd elementor-absolute elementor-widget elementor-widget-image\" data-id=\"1b9d8bd\" data-element_type=\"widget\" data-e-type=\"widget\" data-settings=\"{&quot;_position&quot;:&quot;absolute&quot;}\" data-widget_type=\"image.default\">\n\t\t\t\t<div class=\"elementor-widget-container\">\n\t\t\t\t\t\t\t\t\t\t\t\t\t\t\t<img decoding=\"async\" width=\"1024\" height=\"1024\" src=\"https:\/\/amivtacpuebla.com\/wp-content\/uploads\/2025\/08\/Inv_Dt_28_ago-1-1-1024x1024.jpg\" class=\"attachment-large size-large wp-image-2385\" alt=\"\" srcset=\"https:\/\/amivtacpuebla.com\/wp-content\/uploads\/2025\/08\/Inv_Dt_28_ago-1-1-1024x1024.jpg 1024w, https:\/\/amivtacpuebla.com\/wp-content\/uploads\/2025\/08\/Inv_Dt_28_ago-1-1-300x300.jpg 300w, https:\/\/amivtacpuebla.com\/wp-content\/uploads\/2025\/08\/Inv_Dt_28_ago-1-1-150x150.jpg 150w, https:\/\/amivtacpuebla.com\/wp-content\/uploads\/2025\/08\/Inv_Dt_28_ago-1-1-768x768.jpg 768w, https:\/\/amivtacpuebla.com\/wp-content\/uploads\/2025\/08\/Inv_Dt_28_ago-1-1.jpg 1080w\" sizes=\"(max-width: 1024px) 100vw, 1024px\" \/>\t\t\t\t\t\t\t\t\t\t\t\t\t\t\t<\/div>\n\t\t\t\t<\/div>\n\t\t\t\t<div class=\"elementor-element elementor-element-9038fab elementor-widget__width-initial elementor-absolute elementor-widget elementor-widget-heading\" data-id=\"9038fab\" data-element_type=\"widget\" data-e-type=\"widget\" data-settings=\"{&quot;_position&quot;:&quot;absolute&quot;}\" data-widget_type=\"heading.default\">\n\t\t\t\t<div class=\"elementor-widget-container\">\n\t\t\t\t\t<h2 class=\"elementor-heading-title elementor-size-default\">EVENTOS ANTERIORES<\/h2>\t\t\t\t<\/div>\n\t\t\t\t<\/div>\n\t\t\t\t<div class=\"elementor-element elementor-element-5cf5729 elementor-widget__width-inherit elementor-absolute elementor-widget elementor-widget-heading\" data-id=\"5cf5729\" data-element_type=\"widget\" data-e-type=\"widget\" data-settings=\"{&quot;_position&quot;:&quot;absolute&quot;}\" data-widget_type=\"heading.default\">\n\t\t\t\t<div class=\"elementor-widget-container\">\n\t\t\t\t\t<h2 class=\"elementor-heading-title elementor-size-default\">REVIVE LOS<\/h2>\t\t\t\t<\/div>\n\t\t\t\t<\/div>\n\t\t\t\t<div class=\"elementor-element elementor-element-e6366fb elementor-absolute elementor-widget elementor-widget-image\" data-id=\"e6366fb\" data-element_type=\"widget\" data-e-type=\"widget\" data-settings=\"{&quot;_position&quot;:&quot;absolute&quot;}\" data-widget_type=\"image.default\">\n\t\t\t\t<div class=\"elementor-widget-container\">\n\t\t\t\t\t\t\t\t\t\t\t\t\t\t\t<img loading=\"lazy\" decoding=\"async\" width=\"1024\" height=\"1024\" src=\"https:\/\/amivtacpuebla.com\/wp-content\/uploads\/2025\/11\/Inv_7_NOV_CICEPAC_MANUAL_DE_PASOS_DE_FAUNA-1024x1024.jpg\" class=\"attachment-large size-large wp-image-2446\" alt=\"\" srcset=\"https:\/\/amivtacpuebla.com\/wp-content\/uploads\/2025\/11\/Inv_7_NOV_CICEPAC_MANUAL_DE_PASOS_DE_FAUNA-1024x1024.jpg 1024w, https:\/\/amivtacpuebla.com\/wp-content\/uploads\/2025\/11\/Inv_7_NOV_CICEPAC_MANUAL_DE_PASOS_DE_FAUNA-300x300.jpg 300w, https:\/\/amivtacpuebla.com\/wp-content\/uploads\/2025\/11\/Inv_7_NOV_CICEPAC_MANUAL_DE_PASOS_DE_FAUNA-150x150.jpg 150w, https:\/\/amivtacpuebla.com\/wp-content\/uploads\/2025\/11\/Inv_7_NOV_CICEPAC_MANUAL_DE_PASOS_DE_FAUNA-768x768.jpg 768w, https:\/\/amivtacpuebla.com\/wp-content\/uploads\/2025\/11\/Inv_7_NOV_CICEPAC_MANUAL_DE_PASOS_DE_FAUNA.jpg 1080w\" sizes=\"(max-width: 1024px) 100vw, 1024px\" \/>\t\t\t\t\t\t\t\t\t\t\t\t\t\t\t<\/div>\n\t\t\t\t<\/div>\n\t\t\t\t<div class=\"elementor-element elementor-element-6563cb9 elementor-absolute elementor-widget elementor-widget-text-editor\" data-id=\"6563cb9\" data-element_type=\"widget\" data-e-type=\"widget\" data-settings=\"{&quot;_position&quot;:&quot;absolute&quot;}\" data-widget_type=\"text-editor.default\">\n\t\t\t\t<div class=\"elementor-widget-container\">\n\t\t\t\t\t\t\t\t\t<p style=\"text-align: center;\"><strong><span style=\"color: #002501;\">\u00bfAsististe al desayuno t\u00e9cnico anterior?<\/span><\/strong><\/p><p style=\"text-align: center;\"><span style=\"color: #002501;\">Descarga tu constancia digital\u00a0<\/span><\/p>\t\t\t\t\t\t\t\t<\/div>\n\t\t\t\t<\/div>\n\t\t\t\t\t<\/div>\n\t\t\t\t<\/div>\n\t\t\t\t<\/div>\n\t\t","protected":false},"excerpt":{"rendered":"<p>EVENTOS Y CONVOCATORIAS CONVOCATORIAS ABIERTAS SABER M\u00c1S SABER M\u00c1S Pr\u00f3ximos eventos VER DESAYUNO Descargar VER DESAYUNO EVENTOS ANTERIORES REVIVE LOS \u00bfAsististe al desayuno t\u00e9cnico anterior? Descarga tu constancia digital\u00a0<\/p>\n","protected":false},"author":1,"featured_media":0,"parent":0,"menu_order":0,"comment_status":"closed","ping_status":"closed","template":"","meta":{"_uf_show_specific_survey":0,"_uf_disable_surveys":false,"site-sidebar-layout":"no-sidebar","site-content-layout":"page-builder","ast-site-content-layout":"full-width-container","site-content-style":"unboxed","site-sidebar-style":"unboxed","ast-global-header-display":"","ast-banner-title-visibility":"","ast-main-header-display":"","ast-hfb-above-header-display":"","ast-hfb-below-header-display":"","ast-hfb-mobile-header-display":"","site-post-title":"disabled","ast-breadcrumbs-content":"disabled","ast-featured-img":"disabled","footer-sml-layout":"","theme-transparent-header-meta":"disabled","adv-header-id-meta":"","stick-header-meta":"","header-above-stick-meta":"","header-main-stick-meta":"","header-below-stick-meta":"","astra-migrate-meta-layouts":"set","ast-page-background-enabled":"default","ast-page-background-meta":{"desktop":{"background-color":"","background-image":"","background-repeat":"repeat","background-position":"center center","background-size":"auto","background-attachment":"scroll","background-type":"","background-media":"","overlay-type":"","overlay-color":"","overlay-opacity":"","overlay-gradient":""},"tablet":{"background-color":"","background-image":"","background-repeat":"repeat","background-position":"center center","background-size":"auto","background-attachment":"scroll","background-type":"","background-media":"","overlay-type":"","overlay-color":"","overlay-opacity":"","overlay-gradient":""},"mobile":{"background-color":"","background-image":"","background-repeat":"repeat","background-position":"center center","background-size":"auto","background-attachment":"scroll","background-type":"","background-media":"","overlay-type":"","overlay-color":"","overlay-opacity":"","overlay-gradient":""}},"ast-content-background-meta":{"desktop":{"background-color":"var(--ast-global-color-5)","background-image":"","background-repeat":"repeat","background-position":"center center","background-size":"auto","background-attachment":"scroll","background-type":"","background-media":"","overlay-type":"","overlay-color":"","overlay-opacity":"","overlay-gradient":""},"tablet":{"background-color":"var(--ast-global-color-5)","background-image":"","background-repeat":"repeat","background-position":"center center","background-size":"auto","background-attachment":"scroll","background-type":"","background-media":"","overlay-type":"","overlay-color":"","overlay-opacity":"","overlay-gradient":""},"mobile":{"background-color":"var(--ast-global-color-5)","background-image":"","background-repeat":"repeat","background-position":"center center","background-size":"auto","background-attachment":"scroll","background-type":"","background-media":"","overlay-type":"","overlay-color":"","overlay-opacity":"","overlay-gradient":""}},"footnotes":""},"class_list":["post-13","page","type-page","status-publish","hentry"],"aioseo_notices":[],"yoast_head":"<!-- This site is optimized with the Yoast SEO plugin v27.4 - https:\/\/yoast.com\/product\/yoast-seo-wordpress\/ -->\n<title>EVENTOS Y CONVOCATORIAS - Coffee House<\/title>\n<meta name=\"robots\" content=\"index, follow, max-snippet:-1, max-image-preview:large, max-video-preview:-1\" \/>\n<link rel=\"canonical\" href=\"https:\/\/amivtacpuebla.com\/home\/eventos\/\" \/>\n<meta property=\"og:locale\" content=\"es_ES\" \/>\n<meta property=\"og:type\" content=\"article\" \/>\n<meta property=\"og:title\" content=\"EVENTOS Y CONVOCATORIAS - Coffee House\" \/>\n<meta property=\"og:description\" content=\"EVENTOS Y CONVOCATORIAS CONVOCATORIAS ABIERTAS SABER M\u00c1S SABER M\u00c1S Pr\u00f3ximos eventos VER DESAYUNO Descargar VER DESAYUNO EVENTOS ANTERIORES REVIVE LOS \u00bfAsististe al desayuno t\u00e9cnico anterior? Descarga tu constancia digital\u00a0\" \/>\n<meta property=\"og:url\" content=\"https:\/\/amivtacpuebla.com\/home\/eventos\/\" \/>\n<meta property=\"og:site_name\" content=\"Coffee House\" \/>\n<meta property=\"article:modified_time\" content=\"2026-01-06T19:05:27+00:00\" \/>\n<meta property=\"og:image\" content=\"https:\/\/amivtacpuebla.com\/wp-content\/uploads\/2025\/04\/membresia-1.png\" \/>\n\t<meta property=\"og:image:width\" content=\"1080\" \/>\n\t<meta property=\"og:image:height\" content=\"1080\" \/>\n\t<meta property=\"og:image:type\" content=\"image\/png\" \/>\n<meta name=\"twitter:card\" content=\"summary_large_image\" \/>\n<meta name=\"twitter:label1\" content=\"Tiempo de lectura\" \/>\n\t<meta name=\"twitter:data1\" content=\"2 minutos\" \/>\n<script type=\"application\/ld+json\" class=\"yoast-schema-graph\">{\"@context\":\"https:\\\/\\\/schema.org\",\"@graph\":[{\"@type\":\"WebPage\",\"@id\":\"https:\\\/\\\/amivtacpuebla.com\\\/home\\\/eventos\\\/\",\"url\":\"https:\\\/\\\/amivtacpuebla.com\\\/home\\\/eventos\\\/\",\"name\":\"EVENTOS Y CONVOCATORIAS - Coffee House\",\"isPartOf\":{\"@id\":\"https:\\\/\\\/amivtacpuebla.com\\\/home\\\/#website\"},\"primaryImageOfPage\":{\"@id\":\"https:\\\/\\\/amivtacpuebla.com\\\/home\\\/eventos\\\/#primaryimage\"},\"image\":{\"@id\":\"https:\\\/\\\/amivtacpuebla.com\\\/home\\\/eventos\\\/#primaryimage\"},\"thumbnailUrl\":\"https:\\\/\\\/amivtacpuebla.com\\\/wp-content\\\/uploads\\\/2025\\\/04\\\/membresia-1-1024x1024.png\",\"datePublished\":\"2024-07-24T00:40:57+00:00\",\"dateModified\":\"2026-01-06T19:05:27+00:00\",\"breadcrumb\":{\"@id\":\"https:\\\/\\\/amivtacpuebla.com\\\/home\\\/eventos\\\/#breadcrumb\"},\"inLanguage\":\"es\",\"potentialAction\":[{\"@type\":\"ReadAction\",\"target\":[\"https:\\\/\\\/amivtacpuebla.com\\\/home\\\/eventos\\\/\"]}]},{\"@type\":\"ImageObject\",\"inLanguage\":\"es\",\"@id\":\"https:\\\/\\\/amivtacpuebla.com\\\/home\\\/eventos\\\/#primaryimage\",\"url\":\"https:\\\/\\\/amivtacpuebla.com\\\/wp-content\\\/uploads\\\/2025\\\/04\\\/membresia-1-1024x1024.png\",\"contentUrl\":\"https:\\\/\\\/amivtacpuebla.com\\\/wp-content\\\/uploads\\\/2025\\\/04\\\/membresia-1-1024x1024.png\"},{\"@type\":\"BreadcrumbList\",\"@id\":\"https:\\\/\\\/amivtacpuebla.com\\\/home\\\/eventos\\\/#breadcrumb\",\"itemListElement\":[{\"@type\":\"ListItem\",\"position\":1,\"name\":\"Home\",\"item\":\"https:\\\/\\\/amivtacpuebla.com\\\/home\\\/\"},{\"@type\":\"ListItem\",\"position\":2,\"name\":\"EVENTOS Y CONVOCATORIAS\"}]},{\"@type\":\"WebSite\",\"@id\":\"https:\\\/\\\/amivtacpuebla.com\\\/home\\\/#website\",\"url\":\"https:\\\/\\\/amivtacpuebla.com\\\/home\\\/\",\"name\":\"Coffee House\",\"description\":\"Sitio web oficial de la Asociaci\u00f3n Mexicana de Ingenier\u00eda de V\u00edas Terrestres Delegaci\u00f3n Puebla.\",\"publisher\":{\"@id\":\"https:\\\/\\\/amivtacpuebla.com\\\/home\\\/#organization\"},\"potentialAction\":[{\"@type\":\"SearchAction\",\"target\":{\"@type\":\"EntryPoint\",\"urlTemplate\":\"https:\\\/\\\/amivtacpuebla.com\\\/home\\\/?s={search_term_string}\"},\"query-input\":{\"@type\":\"PropertyValueSpecification\",\"valueRequired\":true,\"valueName\":\"search_term_string\"}}],\"inLanguage\":\"es\"},{\"@type\":\"Organization\",\"@id\":\"https:\\\/\\\/amivtacpuebla.com\\\/home\\\/#organization\",\"name\":\"Coffee House\",\"url\":\"https:\\\/\\\/amivtacpuebla.com\\\/home\\\/\",\"logo\":{\"@type\":\"ImageObject\",\"inLanguage\":\"es\",\"@id\":\"https:\\\/\\\/amivtacpuebla.com\\\/home\\\/#\\\/schema\\\/logo\\\/image\\\/\",\"url\":\"https:\\\/\\\/amivtacpuebla.com\\\/wp-content\\\/uploads\\\/2024\\\/07\\\/cropped-Diseno_sin_titulo__19_-removebg-preview-1.png\",\"contentUrl\":\"https:\\\/\\\/amivtacpuebla.com\\\/wp-content\\\/uploads\\\/2024\\\/07\\\/cropped-Diseno_sin_titulo__19_-removebg-preview-1.png\",\"width\":500,\"height\":248,\"caption\":\"Coffee House\"},\"image\":{\"@id\":\"https:\\\/\\\/amivtacpuebla.com\\\/home\\\/#\\\/schema\\\/logo\\\/image\\\/\"}}]}<\/script>\n<!-- \/ Yoast SEO plugin. -->","yoast_head_json":{"title":"EVENTOS Y CONVOCATORIAS - Coffee House","robots":{"index":"index","follow":"follow","max-snippet":"max-snippet:-1","max-image-preview":"max-image-preview:large","max-video-preview":"max-video-preview:-1"},"canonical":"https:\/\/amivtacpuebla.com\/home\/eventos\/","og_locale":"es_ES","og_type":"article","og_title":"EVENTOS Y CONVOCATORIAS - Coffee House","og_description":"EVENTOS Y CONVOCATORIAS CONVOCATORIAS ABIERTAS SABER M\u00c1S SABER M\u00c1S Pr\u00f3ximos eventos VER DESAYUNO Descargar VER DESAYUNO EVENTOS ANTERIORES REVIVE LOS \u00bfAsististe al desayuno t\u00e9cnico anterior? Descarga tu constancia digital\u00a0","og_url":"https:\/\/amivtacpuebla.com\/home\/eventos\/","og_site_name":"Coffee House","article_modified_time":"2026-01-06T19:05:27+00:00","og_image":[{"width":1080,"height":1080,"url":"https:\/\/amivtacpuebla.com\/wp-content\/uploads\/2025\/04\/membresia-1.png","type":"image\/png"}],"twitter_card":"summary_large_image","twitter_misc":{"Tiempo de lectura":"2 minutos"},"schema":{"@context":"https:\/\/schema.org","@graph":[{"@type":"WebPage","@id":"https:\/\/amivtacpuebla.com\/home\/eventos\/","url":"https:\/\/amivtacpuebla.com\/home\/eventos\/","name":"EVENTOS Y CONVOCATORIAS - Coffee House","isPartOf":{"@id":"https:\/\/amivtacpuebla.com\/home\/#website"},"primaryImageOfPage":{"@id":"https:\/\/amivtacpuebla.com\/home\/eventos\/#primaryimage"},"image":{"@id":"https:\/\/amivtacpuebla.com\/home\/eventos\/#primaryimage"},"thumbnailUrl":"https:\/\/amivtacpuebla.com\/wp-content\/uploads\/2025\/04\/membresia-1-1024x1024.png","datePublished":"2024-07-24T00:40:57+00:00","dateModified":"2026-01-06T19:05:27+00:00","breadcrumb":{"@id":"https:\/\/amivtacpuebla.com\/home\/eventos\/#breadcrumb"},"inLanguage":"es","potentialAction":[{"@type":"ReadAction","target":["https:\/\/amivtacpuebla.com\/home\/eventos\/"]}]},{"@type":"ImageObject","inLanguage":"es","@id":"https:\/\/amivtacpuebla.com\/home\/eventos\/#primaryimage","url":"https:\/\/amivtacpuebla.com\/wp-content\/uploads\/2025\/04\/membresia-1-1024x1024.png","contentUrl":"https:\/\/amivtacpuebla.com\/wp-content\/uploads\/2025\/04\/membresia-1-1024x1024.png"},{"@type":"BreadcrumbList","@id":"https:\/\/amivtacpuebla.com\/home\/eventos\/#breadcrumb","itemListElement":[{"@type":"ListItem","position":1,"name":"Home","item":"https:\/\/amivtacpuebla.com\/home\/"},{"@type":"ListItem","position":2,"name":"EVENTOS Y CONVOCATORIAS"}]},{"@type":"WebSite","@id":"https:\/\/amivtacpuebla.com\/home\/#website","url":"https:\/\/amivtacpuebla.com\/home\/","name":"Coffee House","description":"Sitio web oficial de la Asociaci\u00f3n Mexicana de Ingenier\u00eda de V\u00edas Terrestres Delegaci\u00f3n Puebla.","publisher":{"@id":"https:\/\/amivtacpuebla.com\/home\/#organization"},"potentialAction":[{"@type":"SearchAction","target":{"@type":"EntryPoint","urlTemplate":"https:\/\/amivtacpuebla.com\/home\/?s={search_term_string}"},"query-input":{"@type":"PropertyValueSpecification","valueRequired":true,"valueName":"search_term_string"}}],"inLanguage":"es"},{"@type":"Organization","@id":"https:\/\/amivtacpuebla.com\/home\/#organization","name":"Coffee House","url":"https:\/\/amivtacpuebla.com\/home\/","logo":{"@type":"ImageObject","inLanguage":"es","@id":"https:\/\/amivtacpuebla.com\/home\/#\/schema\/logo\/image\/","url":"https:\/\/amivtacpuebla.com\/wp-content\/uploads\/2024\/07\/cropped-Diseno_sin_titulo__19_-removebg-preview-1.png","contentUrl":"https:\/\/amivtacpuebla.com\/wp-content\/uploads\/2024\/07\/cropped-Diseno_sin_titulo__19_-removebg-preview-1.png","width":500,"height":248,"caption":"Coffee House"},"image":{"@id":"https:\/\/amivtacpuebla.com\/home\/#\/schema\/logo\/image\/"}}]}},"_links":{"self":[{"href":"https:\/\/amivtacpuebla.com\/home\/wp-json\/wp\/v2\/pages\/13","targetHints":{"allow":["GET"]}}],"collection":[{"href":"https:\/\/amivtacpuebla.com\/home\/wp-json\/wp\/v2\/pages"}],"about":[{"href":"https:\/\/amivtacpuebla.com\/home\/wp-json\/wp\/v2\/types\/page"}],"author":[{"embeddable":true,"href":"https:\/\/amivtacpuebla.com\/home\/wp-json\/wp\/v2\/users\/1"}],"replies":[{"embeddable":true,"href":"https:\/\/amivtacpuebla.com\/home\/wp-json\/wp\/v2\/comments?post=13"}],"version-history":[{"count":217,"href":"https:\/\/amivtacpuebla.com\/home\/wp-json\/wp\/v2\/pages\/13\/revisions"}],"predecessor-version":[{"id":2481,"href":"https:\/\/amivtacpuebla.com\/home\/wp-json\/wp\/v2\/pages\/13\/revisions\/2481"}],"wp:attachment":[{"href":"https:\/\/amivtacpuebla.com\/home\/wp-json\/wp\/v2\/media?parent=13"}],"curies":[{"name":"wp","href":"https:\/\/api.w.org\/{rel}","templated":true}]}}